{"id":67,"date":"2021-03-19T22:13:11","date_gmt":"2021-03-19T22:13:11","guid":{"rendered":"https:\/\/kneschkeversicherungen.com\/?page_id=67"},"modified":"2023-03-02T11:19:44","modified_gmt":"2023-03-02T11:19:44","slug":"quienes-somos","status":"publish","type":"page","link":"https:\/\/kneschkeversicherungen.com\/es\/quienes-somos","title":{"rendered":"Quienes somos"},"content":{"rendered":"\n\n\t<section class=\"section\" id=\"section_1369051098\">\n\t\t<div class=\"section-bg fill\" >\n\t\t\t<img loading=\"lazy\" decoding=\"async\" width=\"1920\" height=\"1079\" src=\"https:\/\/kneschkeversicherungen.com\/wp-content\/uploads\/2021\/03\/beach-2855578_1920.jpg\" class=\"bg attachment- size-\" alt=\"\" \/>\t\t\t\t\t\t\n\t\t\t\n\n\t\t<\/div>\n\n\t\t\n\n\t\t<div class=\"section-content relative\">\n\t\t\t\n\n<div class=\"row\" style=\"max-width:1200px\" id=\"row-1087213975\">\n\n\n\t<div id=\"col-161850302\" class=\"col medium-5 small-12 large-5\"  >\n\t\t\t\t<div class=\"col-inner\"  >\n\t\t\t\n\t\t\t\n\n\t<div id=\"gap-665492313\" class=\"gap-element clearfix\" style=\"display:block; height:auto;\">\n\t\t\n<style>\n#gap-665492313 {\n  padding-top: 0px;\n}\n@media (min-width:850px) {\n  #gap-665492313 {\n    padding-top: 30px;\n  }\n}\n<\/style>\n\t<\/div>\n\t\n\n\n\t\t<\/div>\n\t\t\t\t\t<\/div>\n\n\t\n\n\t<div id=\"col-927451857\" class=\"col medium-12 small-12 large-7\"  >\n\t\t\t\t<div class=\"col-inner\"  >\n\t\t\t\n\t\t\t\n\n\t<div id=\"gap-1763944885\" class=\"gap-element clearfix\" style=\"display:block; height:auto;\">\n\t\t\n<style>\n#gap-1763944885 {\n  padding-top: 30px;\n}\n<\/style>\n\t<\/div>\n\t\n\n\t<div id=\"text-780085137\" class=\"text\">\n\t\t\n\n<h6><span style=\"color: #ffffff;\">Nuestra historia<\/span><\/h6>\n\t\t\n<style>\n#text-780085137 {\n  font-size: 1rem;\n}\n@media (min-width:550px) {\n  #text-780085137 {\n    font-size: 1.25rem;\n  }\n}\n<\/style>\n\t<\/div>\n\t\n\t<div id=\"text-2695419613\" class=\"text\">\n\t\t\n\n<h1><span style=\"color: #ffffff;\">Quienes somos<\/span><\/h1>\n\t\t\n<style>\n#text-2695419613 {\n  font-size: 2.5rem;\n}\n@media (min-width:550px) {\n  #text-2695419613 {\n    font-size: 3rem;\n  }\n}\n<\/style>\n\t<\/div>\n\t\n\n\t\t<\/div>\n\t\t\t\t\n<style>\n#col-927451857 > .col-inner {\n  padding: 0px 0px 0px 0;\n}\n@media (min-width:550px) {\n  #col-927451857 > .col-inner {\n    padding: 0px 0px 0px 30px;\n  }\n}\n<\/style>\n\t<\/div>\n\n\t\n\n<\/div>\n\n\t\t<\/div>\n\n\t\t\n<style>\n#section_1369051098 {\n  padding-top: 30px;\n  padding-bottom: 30px;\n  min-height: 300px;\n}\n#section_1369051098 .section-bg img {\n  object-position: 35% 0%;\n}\n@media (min-width:550px) {\n  #section_1369051098 {\n    min-height: 450px;\n  }\n}\n@media (min-width:850px) {\n  #section_1369051098 {\n    min-height: 420px;\n  }\n}\n<\/style>\n\t<\/section>\n\t\n<div class=\"row\" style=\"max-width:1200px\" id=\"row-915155128\">\n\n\n\t<div id=\"col-77377215\" class=\"col medium-12 small-12 large-5\"  >\n\t\t\t\t<div class=\"col-inner\"  >\n\t\t\t\n\t\t\t\n\n\n  <div class=\"banner has-hover\" id=\"banner-1277171820\">\n          <div class=\"banner-inner fill\">\n        <div class=\"banner-bg fill\" >\n            <img loading=\"lazy\" decoding=\"async\" width=\"1536\" height=\"1536\" src=\"https:\/\/kneschkeversicherungen.com\/wp-content\/uploads\/2023\/03\/IMG-20230302-WA0007.jpg\" class=\"bg attachment-original size-original\" alt=\"\" \/>                                    \n                    <\/div>\n\t\t\n        <div class=\"banner-layers container\">\n            <div class=\"fill banner-link\"><\/div>            \n\n\n        <\/div>\n      <\/div>\n\n            \n<style>\n#banner-1277171820 {\n  padding-top: 300px;\n  background-color: rgb(255, 255, 255);\n}\n#banner-1277171820 .banner-bg img {\n  object-position: 50% 56%;\n}\n@media (min-width:550px) {\n  #banner-1277171820 {\n    padding-top: 500px;\n  }\n}\n@media (min-width:850px) {\n  #banner-1277171820 {\n    padding-top: 451px;\n  }\n}\n<\/style>\n  <\/div>\n\n\n\t<div id=\"gap-873477683\" class=\"gap-element clearfix\" style=\"display:block; height:auto;\">\n\t\t\n<style>\n#gap-873477683 {\n  padding-top: 0px;\n}\n@media (min-width:850px) {\n  #gap-873477683 {\n    padding-top: 100px;\n  }\n}\n<\/style>\n\t<\/div>\n\t\n\n\n\t\t<\/div>\n\t\t\t\t\n<style>\n#col-77377215 > .col-inner {\n  margin: -100px 0px 0px 0px;\n}\n@media (min-width:550px) {\n  #col-77377215 > .col-inner {\n    margin: -150px 0px 0px 0px;\n  }\n}\n@media (min-width:850px) {\n  #col-77377215 > .col-inner {\n    margin: -400px 0px 0px 0px;\n  }\n}\n<\/style>\n\t<\/div>\n\n\t\n\n\t<div id=\"col-1881262469\" class=\"col medium-11 small-12 large-7\"  >\n\t\t\t\t<div class=\"col-inner\"  >\n\t\t\t\n\t\t\t\n\n\t<div id=\"gap-890302215\" class=\"gap-element clearfix\" style=\"display:block; height:auto;\">\n\t\t\n<style>\n#gap-890302215 {\n  padding-top: 30px;\n}\n<\/style>\n\t<\/div>\n\t\n\n<p>Los hermanos Max &amp; Morris representan una cartera fundada en 1992, la cu\u00e1l se encuentra en manos de la familia Kneschke desde el a\u00f1o 2000.<br \/>Actualmente en segunda generaci\u00f3n con el objetivo de seguir proporcionando el mejor servicio.<\/p>\n<p>Con nuestra continua formaci\u00f3n especializada en seguros y nuestra atenci\u00f3n triling\u00fce contamos con la posibilidad de atender las necesidades de una amplia variedad de<br \/>clientes.<\/p>\n<a href=\"https:\/\/kneschkeversicherungen.com\/servicios\" class=\"button primary is-underline\" >\n\t\t<span>Servicios<\/span>\n\t<\/a>\n\n\n\n\t\t<\/div>\n\t\t\t\t\n<style>\n#col-1881262469 > .col-inner {\n  padding: 0px 0px 0px 0;\n}\n@media (min-width:550px) {\n  #col-1881262469 > .col-inner {\n    padding: 0px 0px 0px 30px;\n  }\n}\n<\/style>\n\t<\/div>\n\n\t\n\n<\/div>\n\n\t<section class=\"section\" id=\"section_802676890\">\n\t\t<div class=\"section-bg fill\" >\n\t\t\t\t\t\t\t\t\t\n\t\t\t\n\n\t\t<\/div>\n\n\t\t\n\n\t\t<div class=\"section-content relative\">\n\t\t\t\n\n<div class=\"row\" style=\"max-width:1200px\" id=\"row-39276275\">\n\n\n\t<div id=\"col-849738483\" class=\"col small-12 large-12\"  >\n\t\t\t\t<div class=\"col-inner\"  >\n\t\t\t\n\t\t\t\n\n\t<div id=\"text-3708533975\" class=\"text\">\n\t\t\n\n<h2>Te contamos nuestra historia:<\/h2>\n\t\t\n<style>\n#text-3708533975 {\n  font-size: 1.75rem;\n  text-align: center;\n}\n<\/style>\n\t<\/div>\n\t\n\n\t\t<\/div>\n\t\t\t\t\t<\/div>\n\n\t\n\n<\/div>\n<div class=\"row row-large row-solid\" style=\"max-width:1200px\" id=\"row-1611116594\">\n\n\n\t<div id=\"col-1950709652\" class=\"col medium-10 small-12 large-6\"  >\n\t\t\t\t<div class=\"col-inner\"  >\n\t\t\t\n\t\t\t\n\n\n\t\t<div class=\"icon-box featured-box icon-box-left text-left\"  >\n\t\t\t\t<div class=\"icon-box-text last-reset\">\n\t\t\t\t\t\t\t\t\t\n\n<p>La familia Kneschke, originariamente de Alemania, lleg\u00f3 a la isla de Gran Canaria en el a\u00f1o 2000.<\/p>\n\n\t\t<\/div>\n\t<\/div>\n\t\n\t\n\t<div id=\"gap-1969847405\" class=\"gap-element clearfix\" style=\"display:block; height:auto;\">\n\t\t\n<style>\n#gap-1969847405 {\n  padding-top: 30px;\n}\n<\/style>\n\t<\/div>\n\t\n\n\n\t\t<div class=\"icon-box featured-box icon-box-left text-left\"  >\n\t\t\t\t<div class=\"icon-box-text last-reset\">\n\t\t\t\t\t\t\t\t\t\n\n<p>Adentr\u00e1ndose al mundo de los seguros hemos adquirido esta cartera de clientes que, exist\u00eda desde el a\u00f1o 1992, algo abandonada en su estado de gesti\u00f3n y atenci\u00f3n al cliente, nuestros padres han retomado las riendas de \u00e9sta y atendiendo cliente por cliente buscando proporcionar el mejor servicio, no solo en contrataci\u00f3n sino tambi\u00e9n acompa\u00f1ando al cliente durante la vigencia de sus seguros con todo lo que conlleva.<\/p>\n\n\t\t<\/div>\n\t<\/div>\n\t\n\t\n\t<div id=\"gap-1658801434\" class=\"gap-element clearfix\" style=\"display:block; height:auto;\">\n\t\t\n<style>\n#gap-1658801434 {\n  padding-top: 30px;\n}\n<\/style>\n\t<\/div>\n\t\n\n\n\t\t<div class=\"icon-box featured-box icon-box-left text-left\"  >\n\t\t\t\t<div class=\"icon-box-text last-reset\">\n\t\t\t\t\t\t\t\t\t\n\n<p>As\u00ed hemos ido creciendo desde aquel entonces con muchas experiencias. Desde el a\u00f1o 2012, Max, el mayor de los dos hermanos, ha tomado total control de la empresa, volviendo a actualizar todas las nuevas secciones de los seguros que ofrecemos, buscando un nombre que destaca por su atenci\u00f3n y gesti\u00f3n de los seguros e intentando que cada uno de los seguros se adapte a las preocupaciones de sus clientes.<\/p>\n\n\t\t<\/div>\n\t<\/div>\n\t\n\t\n\t<div id=\"gap-944483131\" class=\"gap-element clearfix\" style=\"display:block; height:auto;\">\n\t\t\n<style>\n#gap-944483131 {\n  padding-top: 30px;\n}\n<\/style>\n\t<\/div>\n\t\n\n\n\t\t<\/div>\n\t\t\t\t\n<style>\n#col-1950709652 > .col-inner {\n  padding: 0px 0 0px 0px;\n}\n@media (min-width:850px) {\n  #col-1950709652 > .col-inner {\n    padding: 0px 40px 0px 0px;\n  }\n}\n<\/style>\n\t<\/div>\n\n\t\n\n\t<div id=\"col-1905737913\" class=\"col medium-10 small-12 large-6\"  >\n\t\t\t\t<div class=\"col-inner\"  >\n\t\t\t\n\t\t\t\n\n\n\t\t<div class=\"icon-box featured-box icon-box-left text-left\"  >\n\t\t\t\t<div class=\"icon-box-text last-reset\">\n\t\t\t\t\t\t\t\t\t\n\n<p>En los inicios del a\u00f1o 2021, con la completa jubilaci\u00f3n de nuestro padre, ahora Morris el hermano menor, ha tomado asiento en la empresa y atendiendo a una formaci\u00f3n profesional y completa en el mundo de los seguros. As\u00ed ahora se divide el trabajo y abarcamos con todo lo que se pone por delante.<\/p>\n\n\t\t<\/div>\n\t<\/div>\n\t\n\t\n\t<div id=\"gap-1860939567\" class=\"gap-element clearfix\" style=\"display:block; height:auto;\">\n\t\t\n<style>\n#gap-1860939567 {\n  padding-top: 30px;\n}\n<\/style>\n\t<\/div>\n\t\n\n\n\t\t<div class=\"icon-box featured-box icon-box-left text-left\"  >\n\t\t\t\t<div class=\"icon-box-text last-reset\">\n\t\t\t\t\t\t\t\t\t\n\n<p>Finalmente, queremos hacer especial menci\u00f3n a nuestra madre Sybille y nuestro padre Detlev por crear esta empresa y hacernos ver lo importante que es proporcionar este servicio creando despreocupaci\u00f3n en todos nuestros clientes frente a los riesgos.<\/p>\n\n\t\t<\/div>\n\t<\/div>\n\t\n\t\n\t<div id=\"gap-2143242619\" class=\"gap-element clearfix\" style=\"display:block; height:auto;\">\n\t\t\n<style>\n#gap-2143242619 {\n  padding-top: 30px;\n}\n<\/style>\n\t<\/div>\n\t\n\n\n\t\t<div class=\"icon-box featured-box icon-box-left text-left\"  >\n\t\t\t\t<div class=\"icon-box-text last-reset\">\n\t\t\t\t\t\t\t\t\t\n\n<p>Max &amp; Morris Kneschke<\/p>\n\n\t\t<\/div>\n\t<\/div>\n\t\n\t\n\n\t\t<\/div>\n\t\t\t\t\n<style>\n#col-1905737913 > .col-inner {\n  padding: 0px 0px 0px 0;\n}\n@media (min-width:850px) {\n  #col-1905737913 > .col-inner {\n    padding: 0px 0px 0px 30px;\n  }\n}\n<\/style>\n\t<\/div>\n\n\t\n\n<\/div>\n\t<div id=\"gap-660275914\" class=\"gap-element clearfix\" style=\"display:block; height:auto;\">\n\t\t\n<style>\n#gap-660275914 {\n  padding-top: 30px;\n}\n<\/style>\n\t<\/div>\n\t\n\n\n\t\t<\/div>\n\n\t\t\n<style>\n#section_802676890 {\n  padding-top: 80px;\n  padding-bottom: 80px;\n  background-color: rgb(242, 238, 241);\n}\n<\/style>\n\t<\/section>\n\t\n\n\t<section class=\"section\" id=\"section_2003691152\">\n\t\t<div class=\"section-bg fill\" >\n\t\t\t\t\t\t\t\t\t\n\t\t\t\n\n\t\t<\/div>\n\n\t\t\n\n\t\t<div class=\"section-content relative\">\n\t\t\t\n\n<div class=\"row\" style=\"max-width:1200px\" id=\"row-2102195381\">\n\n\n\t<div id=\"col-1638049763\" class=\"col small-12 large-12\"  >\n\t\t\t\t<div class=\"col-inner\"  >\n\t\t\t\n\t\t\t\n\n\n  <div class=\"banner has-hover\" id=\"banner-2089244554\">\n          <div class=\"banner-inner fill\">\n        <div class=\"banner-bg fill\" >\n            <img loading=\"lazy\" decoding=\"async\" width=\"1020\" height=\"681\" src=\"https:\/\/kneschkeversicherungen.com\/wp-content\/uploads\/2021\/03\/gaelle-marcel-Ld6bx4-axwo-unsplash-1024x684.jpg\" class=\"bg attachment-large size-large\" alt=\"\" \/>                                    \n                    <\/div>\n\t\t\n        <div class=\"banner-layers container\">\n            <div class=\"fill banner-link\"><\/div>            \n\n\n        <\/div>\n      <\/div>\n\n            \n<style>\n#banner-2089244554 {\n  padding-top: 200px;\n  background-color: rgb(255, 255, 255);\n}\n#banner-2089244554 .banner-bg img {\n  object-position: 17% 29%;\n}\n@media (min-width:550px) {\n  #banner-2089244554 {\n    padding-top: 350px;\n  }\n}\n@media (min-width:850px) {\n  #banner-2089244554 {\n    padding-top: 400px;\n  }\n}\n<\/style>\n  <\/div>\n\n\n\n\t\t<\/div>\n\t\t\t\t\n<style>\n#col-1638049763 > .col-inner {\n  margin: -120px 0px 0px 0px;\n}\n<\/style>\n\t<\/div>\n\n\t\n\n<\/div>\n\n\t\t<\/div>\n\n\t\t\n<style>\n#section_2003691152 {\n  padding-top: 30px;\n  padding-bottom: 30px;\n}\n<\/style>\n\t<\/section>\n\t\n\n","protected":false},"excerpt":{"rendered":"","protected":false},"author":1,"featured_media":0,"parent":0,"menu_order":0,"comment_status":"closed","ping_status":"closed","template":"page-blank.php","meta":{"footnotes":""},"class_list":["post-67","page","type-page","status-publish","hentry"],"_links":{"self":[{"href":"https:\/\/kneschkeversicherungen.com\/es\/wp-json\/wp\/v2\/pages\/67","targetHints":{"allow":["GET"]}}],"collection":[{"href":"https:\/\/kneschkeversicherungen.com\/es\/wp-json\/wp\/v2\/pages"}],"about":[{"href":"https:\/\/kneschkeversicherungen.com\/es\/wp-json\/wp\/v2\/types\/page"}],"author":[{"embeddable":true,"href":"https:\/\/kneschkeversicherungen.com\/es\/wp-json\/wp\/v2\/users\/1"}],"replies":[{"embeddable":true,"href":"https:\/\/kneschkeversicherungen.com\/es\/wp-json\/wp\/v2\/comments?post=67"}],"version-history":[{"count":16,"href":"https:\/\/kneschkeversicherungen.com\/es\/wp-json\/wp\/v2\/pages\/67\/revisions"}],"predecessor-version":[{"id":596,"href":"https:\/\/kneschkeversicherungen.com\/es\/wp-json\/wp\/v2\/pages\/67\/revisions\/596"}],"wp:attachment":[{"href":"https:\/\/kneschkeversicherungen.com\/es\/wp-json\/wp\/v2\/media?parent=67"}],"curies":[{"name":"wp","href":"https:\/\/api.w.org\/{rel}","templated":true}]}}