{"id":15,"date":"2021-03-18T18:00:37","date_gmt":"2021-03-18T18:00:37","guid":{"rendered":"https:\/\/kneschkeversicherungen.com\/?page_id=15"},"modified":"2021-04-08T21:30:07","modified_gmt":"2021-04-08T21:30:07","slug":"servicios","status":"publish","type":"page","link":"https:\/\/kneschkeversicherungen.com\/es\/servicios","title":{"rendered":"Servicios"},"content":{"rendered":"\n\n  <div class=\"banner has-hover\" id=\"banner-1105009714\">\n          <div class=\"banner-inner fill\">\n        <div class=\"banner-bg fill\" >\n            <img loading=\"lazy\" decoding=\"async\" width=\"1020\" height=\"574\" src=\"https:\/\/kneschkeversicherungen.com\/wp-content\/uploads\/2021\/03\/hotel-en-la-playa-de-las-canteras-gran-canaria-6ze31g5lxp-1024x576.jpeg\" class=\"bg attachment-large size-large\" alt=\"\" \/>                                    \n                    <\/div>\n\t\t\n        <div class=\"banner-layers container\">\n            <div class=\"fill banner-link\"><\/div>            \n\n   <div id=\"text-box-1863603216\" class=\"text-box banner-layer x50 md-x50 lg-x50 y50 md-y50 lg-y50 res-text\">\n                                <div class=\"text-box-content text dark\">\n              \n              <div class=\"text-inner text-center\">\n                  \n\n<h3 class=\"uppercase\"><strong>servicios<\/strong><\/h3>\n\n              <\/div>\n           <\/div>\n                            \n<style>\n#text-box-1863603216 {\n  width: 60%;\n}\n#text-box-1863603216 .text-box-content {\n  font-size: 100%;\n}\n@media (min-width:550px) {\n  #text-box-1863603216 {\n    width: 60%;\n  }\n}\n<\/style>\n    <\/div>\n \n\n        <\/div>\n      <\/div>\n\n            \n<style>\n#banner-1105009714 {\n  padding-top: 420px;\n  background-color: rgba(237, 237, 237, 0.98);\n}\n#banner-1105009714 .banner-bg img {\n  object-position: 17% 76%;\n}\n<\/style>\n  <\/div>\n\n\n\t<div id=\"gap-1663949527\" class=\"gap-element clearfix\" style=\"display:block; height:auto;\">\n\t\t\n<style>\n#gap-1663949527 {\n  padding-top: 30px;\n}\n<\/style>\n\t<\/div>\n\t\n\n\n\t<section class=\"section\" id=\"section_767208254\">\n\t\t<div class=\"section-bg fill\" >\n\t\t\t\t\t\t\t\t\t\n\t\t\t\n\n\t\t<\/div>\n\n\t\t\n\n\t\t<div class=\"section-content relative\">\n\t\t\t\n\n<div class=\"row align-center\"  id=\"row-1968456664\">\n\n\n\t<div id=\"col-1636678240\" class=\"col medium-11 small-10 large-11\"  >\n\t\t\t\t<div class=\"col-inner text-center\"  >\n\t\t\t\n\t\t\t\n\n\t<div id=\"gap-1217651634\" class=\"gap-element clearfix\" style=\"display:block; height:auto;\">\n\t\t\n<style>\n#gap-1217651634 {\n  padding-top: 40px;\n}\n<\/style>\n\t<\/div>\n\t\n\n<h1><span style=\"font-size: 130%;\">Dedicaci\u00f3n personal e individualizada para el cliente.<\/span><\/h1>\n<p><span style=\"font-size: 100%;\">Contamos con una amplia gama de servicios de seguros:<\/span><\/p>\n<div class=\"is-divider divider clearfix\" style=\"max-width:60px;\"><\/div>\n\n\n\t\t<\/div>\n\t\t\t\t\t<\/div>\n\n\t\n\n<\/div>\n\t<div id=\"gap-1256433526\" class=\"gap-element clearfix\" style=\"display:block; height:auto;\">\n\t\t\n<style>\n#gap-1256433526 {\n  padding-top: 30px;\n}\n<\/style>\n\t<\/div>\n\t\n\n\n\t\t<\/div>\n\n\t\t\n<style>\n#section_767208254 {\n  padding-top: 30px;\n  padding-bottom: 30px;\n}\n<\/style>\n\t<\/section>\n\t\n<div class=\"row row-collapse row-full-width\"  id=\"row-1121509592\">\n\n\n\t<div id=\"col-1950703992\" class=\"col medium-3 small-6 large-3\"  >\n\t\t\t\t<div class=\"col-inner\"  >\n\t\t\t\n\t\t\t\n\n\n  <div class=\"banner has-hover bg-zoom\" id=\"banner-1141296453\">\n          <div class=\"banner-inner fill\">\n        <div class=\"banner-bg fill\" >\n            <img loading=\"lazy\" decoding=\"async\" width=\"640\" height=\"426\" src=\"https:\/\/kneschkeversicherungen.com\/wp-content\/uploads\/2021\/03\/bmw-918408_640.jpg\" class=\"bg attachment-large size-large\" alt=\"\" \/>                        <div class=\"overlay\"><\/div>            \n                    <\/div>\n\t\t\n        <div class=\"banner-layers container\">\n            <div class=\"fill banner-link\"><\/div>            \n\n   <div id=\"text-box-1048498223\" class=\"text-box banner-layer x50 md-x50 lg-x50 y50 md-y50 lg-y50 res-text\">\n                                <div class=\"text-box-content text dark\">\n              \n              <div class=\"text-inner text-center\">\n                  \n\n\t<div class=\"img has-hover x md-x lg-x y md-y lg-y\" id=\"image_449822181\">\n\t\t\t\t\t\t\t\t<div class=\"img-inner dark\" >\n\t\t\t<img loading=\"lazy\" decoding=\"async\" width=\"1\" height=\"1\" src=\"https:\/\/kneschkeversicherungen.com\/wp-content\/uploads\/2021\/03\/004-coche.svg\" class=\"attachment-large size-large\" alt=\"\" \/>\t\t\t\t\t\t\n\t\t\t\t\t<\/div>\n\t\t\t\t\t\t\t\t\n<style>\n#image_449822181 {\n  width: 20%;\n}\n<\/style>\n\t<\/div>\n\t\n\n\t<div id=\"gap-27507934\" class=\"gap-element clearfix\" style=\"display:block; height:auto;\">\n\t\t\n<style>\n#gap-27507934 {\n  padding-top: 10px;\n}\n<\/style>\n\t<\/div>\n\t\n\n<h3 class=\"uppercase\"><strong>coches<\/strong><\/h3>\n<p><strong><span style=\"font-size: 160%;\">Autom\u00f3viles, motos, caravanas, furgones, as\u00ed como veh\u00edculos cl\u00e1sicos.<\/span><\/strong><\/p>\n\n              <\/div>\n           <\/div>\n                            \n<style>\n#text-box-1048498223 {\n  width: 60%;\n}\n#text-box-1048498223 .text-box-content {\n  font-size: 100%;\n}\n<\/style>\n    <\/div>\n \n\n        <\/div>\n      <\/div>\n\n            \n<style>\n#banner-1141296453 {\n  padding-top: 270px;\n}\n#banner-1141296453 .overlay {\n  background-color: rgba(0, 0, 0, 0.227);\n}\n<\/style>\n  <\/div>\n\n\n\n\t\t<\/div>\n\t\t\t\t\t<\/div>\n\n\t\n\n\t<div id=\"col-1133863113\" class=\"col medium-3 small-6 large-3\"  >\n\t\t\t\t<div class=\"col-inner\"  >\n\t\t\t\n\t\t\t\n\n\n  <div class=\"banner has-hover bg-zoom\" id=\"banner-1098766450\">\n          <div class=\"banner-inner fill\">\n        <div class=\"banner-bg fill\" >\n            <img loading=\"lazy\" decoding=\"async\" width=\"640\" height=\"432\" src=\"https:\/\/kneschkeversicherungen.com\/wp-content\/uploads\/2021\/03\/sailing-boat-3399014_640.jpg\" class=\"bg attachment-large size-large\" alt=\"\" \/>                        <div class=\"overlay\"><\/div>            \n                    <\/div>\n\t\t\n        <div class=\"banner-layers container\">\n            <div class=\"fill banner-link\"><\/div>            \n\n   <div id=\"text-box-130269549\" class=\"text-box banner-layer x50 md-x50 lg-x50 y50 md-y50 lg-y50 res-text\">\n                                <div class=\"text-box-content text dark\">\n              \n              <div class=\"text-inner text-center\">\n                  \n\n\t<div class=\"img has-hover x md-x lg-x y md-y lg-y\" id=\"image_816251264\">\n\t\t\t\t\t\t\t\t<div class=\"img-inner dark\" >\n\t\t\t<img loading=\"lazy\" decoding=\"async\" width=\"1\" height=\"1\" src=\"https:\/\/kneschkeversicherungen.com\/wp-content\/uploads\/2021\/03\/006-bote.svg\" class=\"attachment-large size-large\" alt=\"\" \/>\t\t\t\t\t\t\n\t\t\t\t\t<\/div>\n\t\t\t\t\t\t\t\t\n<style>\n#image_816251264 {\n  width: 20%;\n}\n<\/style>\n\t<\/div>\n\t\n\n\t<div id=\"gap-937959367\" class=\"gap-element clearfix\" style=\"display:block; height:auto;\">\n\t\t\n<style>\n#gap-937959367 {\n  padding-top: 10px;\n}\n<\/style>\n\t<\/div>\n\t\n\n<h3 class=\"uppercase\"><strong>EMBARCACIONES DE RECREO:<\/strong><\/h3>\n<p><strong><span style=\"font-size: 160%;\">Barcos, zodiac, motos de agua\u2026<\/span><\/strong><\/p>\n\n              <\/div>\n           <\/div>\n                            \n<style>\n#text-box-130269549 {\n  width: 60%;\n}\n#text-box-130269549 .text-box-content {\n  font-size: 100%;\n}\n<\/style>\n    <\/div>\n \n\n        <\/div>\n      <\/div>\n\n            \n<style>\n#banner-1098766450 {\n  padding-top: 270px;\n}\n#banner-1098766450 .overlay {\n  background-color: rgba(0, 0, 0, 0.227);\n}\n<\/style>\n  <\/div>\n\n\n\n\t\t<\/div>\n\t\t\t\t\t<\/div>\n\n\t\n\n\t<div id=\"col-621321625\" class=\"col medium-3 small-6 large-3\"  >\n\t\t\t\t<div class=\"col-inner\"  >\n\t\t\t\n\t\t\t\n\n\n  <div class=\"banner has-hover bg-zoom\" id=\"banner-345001042\">\n          <div class=\"banner-inner fill\">\n        <div class=\"banner-bg fill\" >\n            <img loading=\"lazy\" decoding=\"async\" width=\"1020\" height=\"574\" src=\"https:\/\/kneschkeversicherungen.com\/wp-content\/uploads\/2021\/03\/interior-2685521_1280-1024x576.jpg\" class=\"bg attachment-large size-large\" alt=\"\" \/>                        <div class=\"overlay\"><\/div>            \n                    <\/div>\n\t\t\n        <div class=\"banner-layers container\">\n            <div class=\"fill banner-link\"><\/div>            \n\n   <div id=\"text-box-2139640450\" class=\"text-box banner-layer x50 md-x50 lg-x50 y50 md-y50 lg-y50 res-text\">\n                                <div class=\"text-box-content text dark\">\n              \n              <div class=\"text-inner text-center\">\n                  \n\n\t<div class=\"img has-hover x md-x lg-x y md-y lg-y\" id=\"image_1583326157\">\n\t\t\t\t\t\t\t\t<div class=\"img-inner dark\" >\n\t\t\t<img loading=\"lazy\" decoding=\"async\" width=\"1\" height=\"1\" src=\"https:\/\/kneschkeversicherungen.com\/wp-content\/uploads\/2021\/03\/001-casa.svg\" class=\"attachment-large size-large\" alt=\"\" \/>\t\t\t\t\t\t\n\t\t\t\t\t<\/div>\n\t\t\t\t\t\t\t\t\n<style>\n#image_1583326157 {\n  width: 20%;\n}\n<\/style>\n\t<\/div>\n\t\n\n\t<div id=\"gap-1933559083\" class=\"gap-element clearfix\" style=\"display:block; height:auto;\">\n\t\t\n<style>\n#gap-1933559083 {\n  padding-top: 10px;\n}\n<\/style>\n\t<\/div>\n\t\n\n<h3 class=\"uppercase\"><strong>hogares<\/strong><\/h3>\n<p><strong><span style=\"font-size: 160%;\">Viviendas, pisos, edificios.<\/span><\/strong><\/p>\n\n              <\/div>\n           <\/div>\n                            \n<style>\n#text-box-2139640450 {\n  width: 60%;\n}\n#text-box-2139640450 .text-box-content {\n  font-size: 100%;\n}\n<\/style>\n    <\/div>\n \n\n        <\/div>\n      <\/div>\n\n            \n<style>\n#banner-345001042 {\n  padding-top: 270px;\n}\n#banner-345001042 .overlay {\n  background-color: rgba(0, 0, 0, 0.227);\n}\n#banner-345001042 .banner-bg img {\n  object-position: 61% 29%;\n}\n<\/style>\n  <\/div>\n\n\n\n\t\t<\/div>\n\t\t\t\t\t<\/div>\n\n\t\n\n\t<div id=\"col-308661050\" class=\"col medium-3 small-6 large-3\"  >\n\t\t\t\t<div class=\"col-inner\"  >\n\t\t\t\n\t\t\t\n\n\n  <div class=\"banner has-hover bg-zoom\" id=\"banner-1984762865\">\n          <div class=\"banner-inner fill\">\n        <div class=\"banner-bg fill\" >\n            <img loading=\"lazy\" decoding=\"async\" width=\"1020\" height=\"679\" src=\"https:\/\/kneschkeversicherungen.com\/wp-content\/uploads\/2021\/04\/startup-594090_1280-1024x682.jpg\" class=\"bg attachment-large size-large\" alt=\"\" \/>                        <div class=\"overlay\"><\/div>            \n                    <\/div>\n\t\t\n        <div class=\"banner-layers container\">\n            <div class=\"fill banner-link\"><\/div>            \n\n   <div id=\"text-box-1207102854\" class=\"text-box banner-layer x50 md-x50 lg-x50 y50 md-y50 lg-y50 res-text\">\n                                <div class=\"text-box-content text dark\">\n              \n              <div class=\"text-inner text-center\">\n                  \n\n\t<div class=\"img has-hover x md-x lg-x y md-y lg-y\" id=\"image_18375974\">\n\t\t\t\t\t\t\t\t<div class=\"img-inner dark\" >\n\t\t\t<img loading=\"lazy\" decoding=\"async\" width=\"1\" height=\"1\" src=\"https:\/\/kneschkeversicherungen.com\/wp-content\/uploads\/2021\/03\/001-directorio-telefonico.svg\" class=\"attachment-large size-large\" alt=\"\" \/>\t\t\t\t\t\t\n\t\t\t\t\t<\/div>\n\t\t\t\t\t\t\t\t\n<style>\n#image_18375974 {\n  width: 20%;\n}\n<\/style>\n\t<\/div>\n\t\n\n\t<div id=\"gap-169098401\" class=\"gap-element clearfix\" style=\"display:block; height:auto;\">\n\t\t\n<style>\n#gap-169098401 {\n  padding-top: 10px;\n}\n<\/style>\n\t<\/div>\n\t\n\n<h3 class=\"uppercase\"><strong>COMUNIDADES DE PROPIETARIOS<\/strong><\/h3>\n\n              <\/div>\n           <\/div>\n                            \n<style>\n#text-box-1207102854 {\n  width: 60%;\n}\n#text-box-1207102854 .text-box-content {\n  font-size: 100%;\n}\n<\/style>\n    <\/div>\n \n\n        <\/div>\n      <\/div>\n\n            \n<style>\n#banner-1984762865 {\n  padding-top: 270px;\n}\n#banner-1984762865 .overlay {\n  background-color: rgba(0, 0, 0, 0.227);\n}\n#banner-1984762865 .banner-bg img {\n  object-position: 61% 29%;\n}\n<\/style>\n  <\/div>\n\n\n\n\t\t<\/div>\n\t\t\t\t\t<\/div>\n\n\t\n\n<\/div>\n<div class=\"row row-collapse row-full-width align-center\"  id=\"row-853527367\">\n\n\n\t<div id=\"col-2029068304\" class=\"col medium-3 small-6 large-3\"  >\n\t\t\t\t<div class=\"col-inner\"  >\n\t\t\t\n\t\t\t\n\n\n  <div class=\"banner has-hover bg-zoom\" id=\"banner-1691636479\">\n          <div class=\"banner-inner fill\">\n        <div class=\"banner-bg fill\" >\n            <img loading=\"lazy\" decoding=\"async\" width=\"395\" height=\"566\" src=\"https:\/\/kneschkeversicherungen.com\/wp-content\/uploads\/2021\/03\/pen-1-of-1-2.jpg\" class=\"bg attachment-large size-large\" alt=\"\" \/>                        <div class=\"overlay\"><\/div>            \n                    <\/div>\n\t\t\n        <div class=\"banner-layers container\">\n            <div class=\"fill banner-link\"><\/div>            \n\n   <div id=\"text-box-964075602\" class=\"text-box banner-layer x50 md-x50 lg-x50 y50 md-y50 lg-y50 res-text\">\n                                <div class=\"text-box-content text dark\">\n              \n              <div class=\"text-inner text-center\">\n                  \n\n\t<div class=\"img has-hover x md-x lg-x y md-y lg-y\" id=\"image_22717184\">\n\t\t\t\t\t\t\t\t<div class=\"img-inner dark\" >\n\t\t\t<img loading=\"lazy\" decoding=\"async\" width=\"1\" height=\"1\" src=\"https:\/\/kneschkeversicherungen.com\/wp-content\/uploads\/2021\/03\/002-tienda.svg\" class=\"attachment-large size-large\" alt=\"\" \/>\t\t\t\t\t\t\n\t\t\t\t\t<\/div>\n\t\t\t\t\t\t\t\t\n<style>\n#image_22717184 {\n  width: 20%;\n}\n<\/style>\n\t<\/div>\n\t\n\n\t<div id=\"gap-1448621457\" class=\"gap-element clearfix\" style=\"display:block; height:auto;\">\n\t\t\n<style>\n#gap-1448621457 {\n  padding-top: 10px;\n}\n<\/style>\n\t<\/div>\n\t\n\n<h3 class=\"uppercase\"><strong>comercios<\/strong><\/h3>\n<p><strong><span style=\"font-size: 160%;\">Oficinas, restaurantes, bares, talleres&#8230;<\/span><\/strong><\/p>\n\n              <\/div>\n           <\/div>\n                            \n<style>\n#text-box-964075602 {\n  width: 60%;\n}\n#text-box-964075602 .text-box-content {\n  font-size: 100%;\n}\n<\/style>\n    <\/div>\n \n\n        <\/div>\n      <\/div>\n\n            \n<style>\n#banner-1691636479 {\n  padding-top: 270px;\n}\n#banner-1691636479 .overlay {\n  background-color: rgba(0, 0, 0, 0.227);\n}\n<\/style>\n  <\/div>\n\n\n\n\t\t<\/div>\n\t\t\t\t\t<\/div>\n\n\t\n\n\t<div id=\"col-1586443392\" class=\"col medium-3 small-6 large-3\"  >\n\t\t\t\t<div class=\"col-inner\"  >\n\t\t\t\n\t\t\t\n\n\n  <div class=\"banner has-hover bg-zoom\" id=\"banner-659278267\">\n          <div class=\"banner-inner fill\">\n        <div class=\"banner-bg fill\" >\n            <img loading=\"lazy\" decoding=\"async\" width=\"640\" height=\"426\" src=\"https:\/\/kneschkeversicherungen.com\/wp-content\/uploads\/2021\/03\/walking-1081723_640.jpg\" class=\"bg attachment-large size-large\" alt=\"\" \/>                        <div class=\"overlay\"><\/div>            \n                    <\/div>\n\t\t\n        <div class=\"banner-layers container\">\n            <div class=\"fill banner-link\"><\/div>            \n\n   <div id=\"text-box-656598219\" class=\"text-box banner-layer x50 md-x50 lg-x50 y50 md-y50 lg-y50 res-text\">\n                                <div class=\"text-box-content text dark\">\n              \n              <div class=\"text-inner text-center\">\n                  \n\n\t<div class=\"img has-hover x md-x lg-x y md-y lg-y\" id=\"image_371827438\">\n\t\t\t\t\t\t\t\t<div class=\"img-inner dark\" >\n\t\t\t<img loading=\"lazy\" decoding=\"async\" width=\"1\" height=\"1\" src=\"https:\/\/kneschkeversicherungen.com\/wp-content\/uploads\/2021\/03\/003-persona.svg\" class=\"attachment-large size-large\" alt=\"\" \/>\t\t\t\t\t\t\n\t\t\t\t\t<\/div>\n\t\t\t\t\t\t\t\t\n<style>\n#image_371827438 {\n  width: 20%;\n}\n<\/style>\n\t<\/div>\n\t\n\n\t<div id=\"gap-2003528600\" class=\"gap-element clearfix\" style=\"display:block; height:auto;\">\n\t\t\n<style>\n#gap-2003528600 {\n  padding-top: 10px;\n}\n<\/style>\n\t<\/div>\n\t\n\n<h3 class=\"uppercase\"><strong>VIDA, ACCIDENTES Y DECESOS<\/strong><\/h3>\n\n              <\/div>\n           <\/div>\n                            \n<style>\n#text-box-656598219 {\n  width: 60%;\n}\n#text-box-656598219 .text-box-content {\n  font-size: 100%;\n}\n<\/style>\n    <\/div>\n \n\n        <\/div>\n      <\/div>\n\n            \n<style>\n#banner-659278267 {\n  padding-top: 270px;\n}\n#banner-659278267 .overlay {\n  background-color: rgba(0, 0, 0, 0.227);\n}\n#banner-659278267 .banner-bg img {\n  object-position: 33% 95%;\n}\n<\/style>\n  <\/div>\n\n\n\n\t\t<\/div>\n\t\t\t\t\t<\/div>\n\n\t\n\n\t<div id=\"col-2013265808\" class=\"col medium-3 small-6 large-3\"  >\n\t\t\t\t<div class=\"col-inner\"  >\n\t\t\t\n\t\t\t\n\n\n  <div class=\"banner has-hover bg-zoom\" id=\"banner-139707956\">\n          <div class=\"banner-inner fill\">\n        <div class=\"banner-bg fill\" >\n            <img loading=\"lazy\" decoding=\"async\" width=\"1020\" height=\"679\" src=\"https:\/\/kneschkeversicherungen.com\/wp-content\/uploads\/2021\/04\/laptop-336704_1280-1024x682.jpg\" class=\"bg attachment-large size-large\" alt=\"\" \/>                        <div class=\"overlay\"><\/div>            \n                    <\/div>\n\t\t\n        <div class=\"banner-layers container\">\n            <div class=\"fill banner-link\"><\/div>            \n\n   <div id=\"text-box-631400743\" class=\"text-box banner-layer x50 md-x50 lg-x50 y50 md-y50 lg-y50 res-text\">\n                                <div class=\"text-box-content text dark\">\n              \n              <div class=\"text-inner text-center\">\n                  \n\n\t<div class=\"img has-hover x md-x lg-x y md-y lg-y\" id=\"image_962030244\">\n\t\t\t\t\t\t\t\t<div class=\"img-inner dark\" >\n\t\t\t<img loading=\"lazy\" decoding=\"async\" width=\"1\" height=\"1\" src=\"https:\/\/kneschkeversicherungen.com\/wp-content\/uploads\/2021\/03\/001-hablando.svg\" class=\"attachment-large size-large\" alt=\"\" \/>\t\t\t\t\t\t\n\t\t\t\t\t<\/div>\n\t\t\t\t\t\t\t\t\n<style>\n#image_962030244 {\n  width: 20%;\n}\n<\/style>\n\t<\/div>\n\t\n\n\t<div id=\"gap-778543531\" class=\"gap-element clearfix\" style=\"display:block; height:auto;\">\n\t\t\n<style>\n#gap-778543531 {\n  padding-top: 10px;\n}\n<\/style>\n\t<\/div>\n\t\n\n<h3 class=\"uppercase\"><strong>RESPONSABILIDAD CIVIL:<\/strong><\/h3>\n<p><strong><span style=\"font-size: 160%;\">Particular, profesional&#8230;<\/span><\/strong><\/p>\n\n              <\/div>\n           <\/div>\n                            \n<style>\n#text-box-631400743 {\n  width: 60%;\n}\n#text-box-631400743 .text-box-content {\n  font-size: 100%;\n}\n<\/style>\n    <\/div>\n \n\n        <\/div>\n      <\/div>\n\n            \n<style>\n#banner-139707956 {\n  padding-top: 270px;\n}\n#banner-139707956 .overlay {\n  background-color: rgba(0, 0, 0, 0.227);\n}\n#banner-139707956 .banner-bg img {\n  object-position: 33% 95%;\n}\n<\/style>\n  <\/div>\n\n\n\n\t\t<\/div>\n\t\t\t\t\t<\/div>\n\n\t\n\n\t<div id=\"col-589214818\" class=\"col medium-3 small-6 large-3\"  >\n\t\t\t\t<div class=\"col-inner\"  >\n\t\t\t\n\t\t\t\n\n\n  <div class=\"banner has-hover bg-zoom\" id=\"banner-1357837609\">\n          <div class=\"banner-inner fill\">\n        <div class=\"banner-bg fill\" >\n            <img loading=\"lazy\" decoding=\"async\" width=\"640\" height=\"418\" src=\"https:\/\/kneschkeversicherungen.com\/wp-content\/uploads\/2021\/03\/dog-423398_640.jpg\" class=\"bg attachment-large size-large\" alt=\"\" \/>                        <div class=\"overlay\"><\/div>            \n                    <\/div>\n\t\t\n        <div class=\"banner-layers container\">\n            <div class=\"fill banner-link\"><\/div>            \n\n   <div id=\"text-box-2072302344\" class=\"text-box banner-layer x50 md-x50 lg-x50 y50 md-y50 lg-y50 res-text\">\n                                <div class=\"text-box-content text dark\">\n              \n              <div class=\"text-inner text-center\">\n                  \n\n\t<div class=\"img has-hover x md-x lg-x y md-y lg-y\" id=\"image_1817608508\">\n\t\t\t\t\t\t\t\t<div class=\"img-inner dark\" >\n\t\t\t<img loading=\"lazy\" decoding=\"async\" width=\"1\" height=\"1\" src=\"https:\/\/kneschkeversicherungen.com\/wp-content\/uploads\/2021\/03\/007-perro.svg\" class=\"attachment-large size-large\" alt=\"\" \/>\t\t\t\t\t\t\n\t\t\t\t\t<\/div>\n\t\t\t\t\t\t\t\t\n<style>\n#image_1817608508 {\n  width: 20%;\n}\n<\/style>\n\t<\/div>\n\t\n\n\t<div id=\"gap-1489118696\" class=\"gap-element clearfix\" style=\"display:block; height:auto;\">\n\t\t\n<style>\n#gap-1489118696 {\n  padding-top: 10px;\n}\n<\/style>\n\t<\/div>\n\t\n\n<h3 class=\"uppercase\"><strong>animales<\/strong><\/h3>\n<p><span style=\"font-size: 160%;\">Perros, razas peligrosas.<\/span><\/p>\n\n              <\/div>\n           <\/div>\n                            \n<style>\n#text-box-2072302344 {\n  width: 60%;\n}\n#text-box-2072302344 .text-box-content {\n  font-size: 100%;\n}\n<\/style>\n    <\/div>\n \n\n        <\/div>\n      <\/div>\n\n            \n<style>\n#banner-1357837609 {\n  padding-top: 270px;\n}\n#banner-1357837609 .overlay {\n  background-color: rgba(0, 0, 0, 0.227);\n}\n<\/style>\n  <\/div>\n\n\n\n\t\t<\/div>\n\t\t\t\t\t<\/div>\n\n\t\n\n<\/div>\n\n","protected":false},"excerpt":{"rendered":"","protected":false},"author":1,"featured_media":0,"parent":0,"menu_order":0,"comment_status":"closed","ping_status":"closed","template":"page-blank.php","meta":{"footnotes":""},"class_list":["post-15","page","type-page","status-publish","hentry"],"_links":{"self":[{"href":"https:\/\/kneschkeversicherungen.com\/es\/wp-json\/wp\/v2\/pages\/15","targetHints":{"allow":["GET"]}}],"collection":[{"href":"https:\/\/kneschkeversicherungen.com\/es\/wp-json\/wp\/v2\/pages"}],"about":[{"href":"https:\/\/kneschkeversicherungen.com\/es\/wp-json\/wp\/v2\/types\/page"}],"author":[{"embeddable":true,"href":"https:\/\/kneschkeversicherungen.com\/es\/wp-json\/wp\/v2\/users\/1"}],"replies":[{"embeddable":true,"href":"https:\/\/kneschkeversicherungen.com\/es\/wp-json\/wp\/v2\/comments?post=15"}],"version-history":[{"count":21,"href":"https:\/\/kneschkeversicherungen.com\/es\/wp-json\/wp\/v2\/pages\/15\/revisions"}],"predecessor-version":[{"id":246,"href":"https:\/\/kneschkeversicherungen.com\/es\/wp-json\/wp\/v2\/pages\/15\/revisions\/246"}],"wp:attachment":[{"href":"https:\/\/kneschkeversicherungen.com\/es\/wp-json\/wp\/v2\/media?parent=15"}],"curies":[{"name":"wp","href":"https:\/\/api.w.org\/{rel}","templated":true}]}}